{"id":83258,"date":"2020-08-12T19:42:56","date_gmt":"2020-08-12T19:42:56","guid":{"rendered":"https:\/\/b34vlw.myraidbox.de\/?page_id=83258"},"modified":"2021-08-11T16:55:08","modified_gmt":"2021-08-11T16:55:08","slug":"leistungen","status":"publish","type":"page","link":"https:\/\/www.berlindent.de\/en\/leistungen\/","title":{"rendered":"Services"},"content":{"rendered":"<div data-parent=\"true\" class=\"vc_row style-accent-bg row-container\" id=\"row-unique-0\"><div class=\"row-background background-element\">\n\t\t\t\t\t\t\t\t\t\t\t<div class=\"background-wrapper\">\n\t\t\t\t\t\t\t\t\t\t\t\t<div class=\"background-inner\" style=\"background-image: url(https:\/\/www.berlindent.de\/wp-content\/uploads\/2021\/05\/berlindent_zahnarzt-berlin_team.jpg);background-repeat: no-repeat;background-position: center top;background-attachment: scroll;background-size: cover;\"><\/div>\n\t\t\t\t\t\t\t\t\t\t\t\t<div class=\"block-bg-overlay style-color-jevc-bg\" style=\"opacity: 0.1;\"><\/div>\n\t\t\t\t\t\t\t\t\t\t\t<\/div>\n\t\t\t\t\t\t\t\t\t\t<\/div><div class=\"row unequal quad-top-padding quad-bottom-padding single-h-padding limit-width row-parent\" data-height-ratio=\"full\"><div class=\"wpb_row row-inner\"><div class=\"wpb_column pos-bottom pos-center align_left column_parent col-lg-12 single-internal-gutter\"><div class=\"uncol style-dark\"  ><div class=\"uncoltable\"><div class=\"uncell  vc_custom_1628700853700 no-block-padding\" style=\"padding-bottom: 30px ;\" ><div class=\"uncont\"><div class=\"vc_row vc_custom_1628700888335 row-internal row-container\" style=\"padding-bottom: 30px ;\"><div class=\"row row-child\"><div class=\"wpb_row row-inner\"><div class=\"wpb_column pos-bottom pos-center align_left column_child col-lg-9 single-internal-gutter\"><div class=\"uncol style-dark animate_when_almost_visible alpha-anim\" data-delay=\"200\"><div class=\"uncoltable\"><div class=\"uncell no-block-padding\" ><div class=\"uncont\"><div class=\"vc_custom_heading_wrap\"><div class=\"heading-text el-text\" ><h1 class=\"font-175345 fontsize-160000 fontspace-135905 text-uppercase\" ><span>Our services:<\/span><\/h1><\/div><div class=\"clear\"><\/div><\/div><div class=\"vc_custom_heading_wrap\"><div class=\"heading-text el-text\" ><h1 class=\"h1\" ><span>Everything for your teeth<br \/><\/span><span>from a single source.<\/span><\/h1><\/div><div class=\"clear\"><\/div><\/div><\/div><\/div><\/div><\/div><\/div><\/div><\/div><\/div><\/div><\/div><\/div><\/div><\/div><script id=\"script-row-unique-0\" data-row=\"script-row-unique-0\" type=\"text\/javascript\" class=\"vc_controls\">UNCODE.initRow(document.getElementById(\"row-unique-0\"));<\/script><\/div><\/div><\/div><div data-parent=\"true\" class=\"vc_row row-container\" id=\"row-unique-1\"><div class=\"row quad-top-padding quad-bottom-padding single-h-padding limit-width row-parent\"><div class=\"wpb_row row-inner\"><div class=\"wpb_column pos-top pos-center align_left column_parent col-lg-12 single-internal-gutter\"><div class=\"uncol style-light\"  ><div class=\"uncoltable\"><div class=\"uncell no-block-padding\" ><div class=\"uncont\"><div class=\"vc_row row-internal row-container\"><div class=\"row col-double-gutter row-child\"><div class=\"wpb_row row-inner\"><div class=\"wpb_column pos-top pos-center align_left column_child col-lg-6 col-md-50 single-internal-gutter\"><div class=\"uncol style-light\" ><div class=\"uncoltable\"><div class=\"uncell no-block-padding\" ><div class=\"uncont\"><div class=\"vc_custom_heading_wrap\"><div class=\"heading-text el-text\" ><h3 class=\"fontsize-155944\" ><span>As much as necessary. As little as possible.<\/span><\/h3><\/div><div class=\"clear\"><\/div><\/div><\/div><\/div><\/div><\/div><\/div><div class=\"wpb_column pos-top pos-center align_left column_child col-lg-3 col-md-25 single-internal-gutter\"><div class=\"uncol style-light\" ><div class=\"uncoltable\"><div class=\"uncell no-block-padding\" ><div class=\"uncont\"><div class=\"uncode_text_column\" ><\/p>\n<div class=\"entry-content\">\n<p>We can do a lot and have already seen everything. Nevertheless, we don't follow a set pattern, but develop individual therapy concepts depending on the findings. Of course, we are certified according to QM standards.<\/p>\n<\/div>\n<p>\n<\/div><\/div><\/div><\/div><\/div><\/div><div class=\"wpb_column pos-top pos-center align_left column_child col-lg-3 col-md-25 single-internal-gutter\"><div class=\"uncol style-light\" ><div class=\"uncoltable\"><div class=\"uncell no-block-padding\" ><div class=\"uncont\"><div class=\"uncode_text_column\" ><p>Thanks to 4 dentists, continuous training and state-of-the-art equipment, we will find the right solution for every dental problem together with you. Take our word for it.<\/p>\n<\/div><\/div><\/div><\/div><\/div><\/div><\/div><\/div><\/div><\/div><\/div><\/div><\/div><\/div><script id=\"script-row-unique-1\" data-row=\"script-row-unique-1\" type=\"text\/javascript\" class=\"vc_controls\">UNCODE.initRow(document.getElementById(\"row-unique-1\"));<\/script><\/div><\/div><\/div><div data-parent=\"true\" class=\"vc_row style-color-lxmt-bg row-container\" id=\"row-unique-2\"><div class=\"row col-double-gutter quad-top-padding quad-bottom-padding single-h-padding full-width row-parent\" style=\"max-width:1596px; margin-left:auto; margin-right:auto;\"><div class=\"wpb_row row-inner\"><div class=\"wpb_column pos-top pos-center align_left column_parent col-lg-7 single-internal-gutter\"><div class=\"uncol style-light\"  ><div class=\"uncoltable\"><div class=\"uncell no-block-padding\" ><div class=\"uncont\"><div class=\"uncode-single-media  text-left\"><div class=\"single-wrapper\" style=\"max-width: 100%;\"><div class=\"tmb tmb-light  tmb-img-ratio tmb-media-first tmb-media-last tmb-content-overlay tmb-no-bg\"><div class=\"t-inside\"><div class=\"t-entry-visual\"><div class=\"t-entry-visual-tc\"><div class=\"uncode-single-media-wrapper\"><div class=\"dummy\" style=\"padding-top: 75%;\"><\/div><img decoding=\"async\" class=\"wp-image-83836\" src=\"https:\/\/www.berlindent.de\/wp-content\/uploads\/2021\/06\/berlindent_zahnarzt-berlin_zahnerhalt_Leistung_1920-uai-1706x1280.jpg\" width=\"1706\" height=\"1280\" alt=\"Zahnarzt Berlin Prophylaxe Vorsorge-Untersuchung\"><\/div>\n\t\t\t\t\t<\/div>\n\t\t\t\t<\/div><\/div><\/div><\/div><\/div><\/div><\/div><\/div><\/div><\/div><div class=\"wpb_column pos-middle pos-center align_left column_parent col-lg-5 single-internal-gutter\"><div class=\"uncol style-light\"  ><div class=\"uncoltable\"><div class=\"uncell no-block-padding\" ><div class=\"uncont\"><div class=\"vc_custom_heading_wrap\"><div class=\"heading-text el-text\" ><h3 class=\"fontsize-155944\" ><span>Tooth conservation<\/span><\/h3><\/div><div class=\"clear\"><\/div><\/div><div class=\"uncode_text_column\" ><p>Prevention is better than drilling. At Berlindent, we offer the entire spectrum of tooth-preserving measures: From check-ups over caries and periodontal treatment to root canal therapy. For children and adults, of course.<\/p>\n<\/div><span class=\"btn-container\" ><a href=\"https:\/\/www.berlindent.de\/en\/leistungen\/zahnerhalt\/\" class=\"custom-link btn border-width-0 btn-accent btn-icon-left\" title=\"Tooth preservation\"><i class=\"fa fa-arrow-right2\"><\/i>Learn more<\/a><\/span><\/div><\/div><\/div><\/div><\/div><script id=\"script-row-unique-2\" data-row=\"script-row-unique-2\" type=\"text\/javascript\" class=\"vc_controls\">UNCODE.initRow(document.getElementById(\"row-unique-2\"));<\/script><\/div><\/div><\/div><div data-parent=\"true\" class=\"vc_row inverted-device-order row-container\" id=\"row-unique-3\"><div class=\"row col-double-gutter quad-top-padding quad-bottom-padding single-h-padding full-width row-parent\" style=\"max-width:1596px; margin-left:auto; margin-right:auto;\"><div class=\"wpb_row row-inner\"><div class=\"wpb_column pos-middle pos-center align_left column_parent col-lg-5 single-internal-gutter\"><div class=\"uncol style-light\"  ><div class=\"uncoltable\"><div class=\"uncell no-block-padding\" ><div class=\"uncont\"><div class=\"vc_custom_heading_wrap\"><div class=\"heading-text el-text\" ><h3 class=\"fontsize-155944\" ><span>Dentures<\/span><\/h3><\/div><div class=\"clear\"><\/div><\/div><div class=\"uncode_text_column\" ><p>New is sometimes better. Whether one tooth or many: We offer everything that is possible to replace your teeth. Of course, only if it is really necessary and you want it.<\/p>\n<\/div><span class=\"btn-container\" ><a href=\"https:\/\/www.berlindent.de\/en\/leistungen\/zahnersatz\/\" class=\"custom-link btn border-width-0 btn-accent btn-icon-left\" title=\"Tooth preservation\"><i class=\"fa fa-arrow-right2\"><\/i>Learn more<\/a><\/span><\/div><\/div><\/div><\/div><\/div><div class=\"wpb_column pos-top pos-center align_left column_parent col-lg-7 single-internal-gutter\"><div class=\"uncol style-light\"  ><div class=\"uncoltable\"><div class=\"uncell no-block-padding\" ><div class=\"uncont\"><div class=\"uncode-single-media  text-left\"><div class=\"single-wrapper\" style=\"max-width: 100%;\"><div class=\"tmb tmb-light  tmb-img-ratio tmb-media-first tmb-media-last tmb-content-overlay tmb-no-bg\"><div class=\"t-inside\"><div class=\"t-entry-visual\"><div class=\"t-entry-visual-tc\"><div class=\"uncode-single-media-wrapper\"><div class=\"dummy\" style=\"padding-top: 75%;\"><\/div><img decoding=\"async\" class=\"wp-image-83840\" src=\"https:\/\/www.berlindent.de\/wp-content\/uploads\/2021\/06\/berlindent_zahnarzt-berlin_zahnersatz_Leistung_1920-uai-1706x1280.jpg\" width=\"1706\" height=\"1280\" alt=\"Zahnarzt Berlin Zahnersatz Kronen Prothesen Implantate\"><\/div>\n\t\t\t\t\t<\/div>\n\t\t\t\t<\/div><\/div><\/div><\/div><\/div><\/div><\/div><\/div><\/div><\/div><script id=\"script-row-unique-3\" data-row=\"script-row-unique-3\" type=\"text\/javascript\" class=\"vc_controls\">UNCODE.initRow(document.getElementById(\"row-unique-3\"));<\/script><\/div><\/div><\/div><div data-parent=\"true\" class=\"vc_row inverted-device-order style-color-lxmt-bg row-container\" id=\"row-unique-4\"><div class=\"row col-double-gutter quad-top-padding quad-bottom-padding single-h-padding full-width row-parent\" style=\"max-width:1596px; margin-left:auto; margin-right:auto;\"><div class=\"wpb_row row-inner\"><div class=\"wpb_column pos-top pos-center align_left column_parent col-lg-7 single-internal-gutter\"><div class=\"uncol style-light\"  ><div class=\"uncoltable\"><div class=\"uncell no-block-padding\" ><div class=\"uncont\"><div class=\"uncode-single-media  text-left\"><div class=\"single-wrapper\" style=\"max-width: 100%;\"><div class=\"tmb tmb-light  tmb-img-ratio tmb-media-first tmb-media-last tmb-content-overlay tmb-no-bg\"><div class=\"t-inside\"><div class=\"t-entry-visual\"><div class=\"t-entry-visual-tc\"><div class=\"uncode-single-media-wrapper\"><div class=\"dummy\" style=\"padding-top: 75%;\"><\/div><img decoding=\"async\" class=\"wp-image-84193\" src=\"https:\/\/www.berlindent.de\/wp-content\/uploads\/2021\/08\/berlindent_zahnarzt-berlin_zahnaesthetik_leistung_800x600px.jpg\" width=\"800\" height=\"600\" alt=\"Berlindent Zahn&auml;sthetik Berlin\" srcset=\"https:\/\/www.berlindent.de\/wp-content\/uploads\/2021\/08\/berlindent_zahnarzt-berlin_zahnaesthetik_leistung_800x600px.jpg 800w, https:\/\/www.berlindent.de\/wp-content\/uploads\/2021\/08\/berlindent_zahnarzt-berlin_zahnaesthetik_leistung_800x600px-300x225.jpg 300w, https:\/\/www.berlindent.de\/wp-content\/uploads\/2021\/08\/berlindent_zahnarzt-berlin_zahnaesthetik_leistung_800x600px-768x576.jpg 768w\" sizes=\"(max-width: 800px) 100vw, 800px\" \/><\/div>\n\t\t\t\t\t<\/div>\n\t\t\t\t<\/div><\/div><\/div><\/div><\/div><\/div><\/div><\/div><\/div><\/div><div class=\"wpb_column pos-middle pos-center align_left column_parent col-lg-5 single-internal-gutter\"><div class=\"uncol style-light\"  ><div class=\"uncoltable\"><div class=\"uncell no-block-padding\" ><div class=\"uncont\"><div class=\"vc_custom_heading_wrap\"><div class=\"heading-text el-text\" ><h3 class=\"fontsize-155944\" ><span>Dental Aesthetics<\/span><\/h3><\/div><div class=\"clear\"><\/div><\/div><div class=\"uncode_text_column\" ><p>Beautiful teeth feel good. Whether color or shape: We offer everything that makes your smile more beautiful - and helps to keep it as long as possible.<\/p>\n<\/div><span class=\"btn-container\" ><a href=\"https:\/\/www.berlindent.de\/en\/leistungen\/zahnaesthetik\/\" class=\"custom-link btn border-width-0 btn-accent btn-icon-left\" title=\"Dental aesthetics\"><i class=\"fa fa-arrow-right2\"><\/i>Learn more<\/a><\/span><\/div><\/div><\/div><\/div><\/div><script id=\"script-row-unique-4\" data-row=\"script-row-unique-4\" type=\"text\/javascript\" class=\"vc_controls\">UNCODE.initRow(document.getElementById(\"row-unique-4\"));<\/script><\/div><\/div><\/div><div data-parent=\"true\" class=\"vc_row style-accent-bg row-container\" id=\"row-unique-5\"><div class=\"row quad-top-padding quad-bottom-padding single-h-padding limit-width row-parent\" data-height-ratio=\"50\"><div class=\"wpb_row row-inner\"><div class=\"wpb_column pos-middle pos-center align_center column_parent col-lg-12 single-internal-gutter\"><div class=\"uncol style-light\"  ><div class=\"uncoltable\"><div class=\"uncell\" ><div class=\"uncont no-block-padding col-custom-width\" style=\"max-width:900px;\"><div class=\"vc_custom_heading_wrap\"><div class=\"heading-text el-text\" ><h6 class=\"font-175345 h6 fontspace-135905 text-accent-color text-uppercase\" ><span>Do you want to go to Berlindent?<\/span><\/h6><\/div><div class=\"clear\"><\/div><\/div><div class=\"vc_custom_heading_wrap\"><div class=\"heading-text el-text\" ><h3 class=\"fontsize-155944\" ><span>Book your appointment quick and easy via Doctolib.<\/span><\/h3><\/div><div class=\"clear\"><\/div><\/div><span class=\"btn-container\" ><a href=\"https:\/\/www.doctolib.de\/praxis\/berlin\/berlindent-zahnaerzte-am-europacenter\" class=\"custom-link btn border-width-0 btn-color-vyce btn-icon-left\" target=\"_blank\"><i class=\"fa fa-calendar\"><\/i>Search appointment now.<\/a><\/span><\/div><\/div><\/div><\/div><\/div><script id=\"script-row-unique-5\" data-row=\"script-row-unique-5\" type=\"text\/javascript\" class=\"vc_controls\">UNCODE.initRow(document.getElementById(\"row-unique-5\"));<\/script><\/div><\/div><\/div>","protected":false},"excerpt":{"rendered":"Unsere Leistungen:Alles f\u00fcr Ihre Z\u00e4hneaus einer Hand.Soviel wie n\u00f6tig. So wenig wie m\u00f6glich. Wir k\u00f6nnen viel und haben schon alles [...]","protected":false},"author":2,"featured_media":0,"parent":0,"menu_order":0,"comment_status":"closed","ping_status":"closed","template":"","meta":[],"yoast_head":"<!-- This site is optimized with the Yoast SEO plugin v20.3 - https:\/\/yoast.com\/wordpress\/plugins\/seo\/ -->\n<title>Unsere Leistungen f\u00fcr Ihre Z\u00e4hne | Zahnarzt-Praxis Berlindent in Berlin<\/title>\n<meta name=\"description\" content=\"Prophylaxe, Implantate, Invisalign uvm. - Die Zahnarzt-Praxis in Berlin-Charlottenburg bietet Ihnen alles f\u00fcr Zahnerhalt, -ersatz &amp; -\u00e4sthetik.\" \/>\n<meta name=\"robots\" content=\"index, follow, max-snippet:-1, max-image-preview:large, max-video-preview:-1\" \/>\n<link rel=\"canonical\" href=\"https:\/\/www.berlindent.de\/en\/leistungen\/\" \/>\n<meta property=\"og:locale\" content=\"en_US\" \/>\n<meta property=\"og:type\" content=\"article\" \/>\n<meta property=\"og:title\" content=\"Unsere Leistungen f\u00fcr Ihre Z\u00e4hne | Zahnarzt-Praxis Berlindent in Berlin\" \/>\n<meta property=\"og:description\" content=\"Prophylaxe, Implantate, Invisalign uvm. - Die Zahnarzt-Praxis in Berlin-Charlottenburg bietet Ihnen alles f\u00fcr Zahnerhalt, -ersatz &amp; -\u00e4sthetik.\" \/>\n<meta property=\"og:url\" content=\"https:\/\/www.berlindent.de\/en\/leistungen\/\" \/>\n<meta property=\"og:site_name\" content=\"Berlindent\" \/>\n<meta property=\"article:modified_time\" content=\"2021-08-11T16:55:08+00:00\" \/>\n<meta name=\"twitter:card\" content=\"summary_large_image\" \/>\n<meta name=\"twitter:label1\" content=\"Est. reading time\" \/>\n\t<meta name=\"twitter:data1\" content=\"5 minutes\" \/>\n<script type=\"application\/ld+json\" class=\"yoast-schema-graph\">{\"@context\":\"https:\/\/schema.org\",\"@graph\":[{\"@type\":\"WebPage\",\"@id\":\"https:\/\/www.berlindent.de\/leistungen\/\",\"url\":\"https:\/\/www.berlindent.de\/leistungen\/\",\"name\":\"Unsere Leistungen f\u00fcr Ihre Z\u00e4hne | Zahnarzt-Praxis Berlindent in Berlin\",\"isPartOf\":{\"@id\":\"https:\/\/www.berlindent.de\/#website\"},\"datePublished\":\"2020-08-12T19:42:56+00:00\",\"dateModified\":\"2021-08-11T16:55:08+00:00\",\"description\":\"Prophylaxe, Implantate, Invisalign uvm. - Die Zahnarzt-Praxis in Berlin-Charlottenburg bietet Ihnen alles f\u00fcr Zahnerhalt, -ersatz & -\u00e4sthetik.\",\"breadcrumb\":{\"@id\":\"https:\/\/www.berlindent.de\/leistungen\/#breadcrumb\"},\"inLanguage\":\"en-US\",\"potentialAction\":[{\"@type\":\"ReadAction\",\"target\":[\"https:\/\/www.berlindent.de\/leistungen\/\"]}]},{\"@type\":\"BreadcrumbList\",\"@id\":\"https:\/\/www.berlindent.de\/leistungen\/#breadcrumb\",\"itemListElement\":[{\"@type\":\"ListItem\",\"position\":1,\"name\":\"Startseite\",\"item\":\"https:\/\/www.berlindent.de\/\"},{\"@type\":\"ListItem\",\"position\":2,\"name\":\"Leistungen\"}]},{\"@type\":\"WebSite\",\"@id\":\"https:\/\/www.berlindent.de\/#website\",\"url\":\"https:\/\/www.berlindent.de\/\",\"name\":\"Berlindent\",\"description\":\"Ihre Zahnarztpraxis in Berlin-Charlottenburg.\",\"publisher\":{\"@id\":\"https:\/\/www.berlindent.de\/#organization\"},\"potentialAction\":[{\"@type\":\"SearchAction\",\"target\":{\"@type\":\"EntryPoint\",\"urlTemplate\":\"https:\/\/www.berlindent.de\/?s={search_term_string}\"},\"query-input\":\"required name=search_term_string\"}],\"inLanguage\":\"en-US\"},{\"@type\":\"Organization\",\"@id\":\"https:\/\/www.berlindent.de\/#organization\",\"name\":\"Berlindent\",\"url\":\"https:\/\/www.berlindent.de\/\",\"logo\":{\"@type\":\"ImageObject\",\"inLanguage\":\"en-US\",\"@id\":\"https:\/\/www.berlindent.de\/#\/schema\/logo\/image\/\",\"url\":\"https:\/\/www.berlindent.de\/wp-content\/uploads\/2021\/06\/Element-1.png\",\"contentUrl\":\"https:\/\/www.berlindent.de\/wp-content\/uploads\/2021\/06\/Element-1.png\",\"width\":1500,\"height\":1500,\"caption\":\"Berlindent\"},\"image\":{\"@id\":\"https:\/\/www.berlindent.de\/#\/schema\/logo\/image\/\"}}]}<\/script>\n<!-- \/ Yoast SEO plugin. -->","yoast_head_json":{"title":"Unsere Leistungen f\u00fcr Ihre Z\u00e4hne | Zahnarzt-Praxis Berlindent in Berlin","description":"Prophylaxe, Implantate, Invisalign uvm. - Die Zahnarzt-Praxis in Berlin-Charlottenburg bietet Ihnen alles f\u00fcr Zahnerhalt, -ersatz & -\u00e4sthetik.","robots":{"index":"index","follow":"follow","max-snippet":"max-snippet:-1","max-image-preview":"max-image-preview:large","max-video-preview":"max-video-preview:-1"},"canonical":"https:\/\/www.berlindent.de\/en\/leistungen\/","og_locale":"en_US","og_type":"article","og_title":"Unsere Leistungen f\u00fcr Ihre Z\u00e4hne | Zahnarzt-Praxis Berlindent in Berlin","og_description":"Prophylaxe, Implantate, Invisalign uvm. - Die Zahnarzt-Praxis in Berlin-Charlottenburg bietet Ihnen alles f\u00fcr Zahnerhalt, -ersatz & -\u00e4sthetik.","og_url":"https:\/\/www.berlindent.de\/en\/leistungen\/","og_site_name":"Berlindent","article_modified_time":"2021-08-11T16:55:08+00:00","twitter_card":"summary_large_image","twitter_misc":{"Est. reading time":"5 minutes"},"schema":{"@context":"https:\/\/schema.org","@graph":[{"@type":"WebPage","@id":"https:\/\/www.berlindent.de\/leistungen\/","url":"https:\/\/www.berlindent.de\/leistungen\/","name":"Unsere Leistungen f\u00fcr Ihre Z\u00e4hne | Zahnarzt-Praxis Berlindent in Berlin","isPartOf":{"@id":"https:\/\/www.berlindent.de\/#website"},"datePublished":"2020-08-12T19:42:56+00:00","dateModified":"2021-08-11T16:55:08+00:00","description":"Prophylaxe, Implantate, Invisalign uvm. - Die Zahnarzt-Praxis in Berlin-Charlottenburg bietet Ihnen alles f\u00fcr Zahnerhalt, -ersatz & -\u00e4sthetik.","breadcrumb":{"@id":"https:\/\/www.berlindent.de\/leistungen\/#breadcrumb"},"inLanguage":"en-US","potentialAction":[{"@type":"ReadAction","target":["https:\/\/www.berlindent.de\/leistungen\/"]}]},{"@type":"BreadcrumbList","@id":"https:\/\/www.berlindent.de\/leistungen\/#breadcrumb","itemListElement":[{"@type":"ListItem","position":1,"name":"Startseite","item":"https:\/\/www.berlindent.de\/"},{"@type":"ListItem","position":2,"name":"Leistungen"}]},{"@type":"WebSite","@id":"https:\/\/www.berlindent.de\/#website","url":"https:\/\/www.berlindent.de\/","name":"Berlindent","description":"Ihre Zahnarztpraxis in Berlin-Charlottenburg.","publisher":{"@id":"https:\/\/www.berlindent.de\/#organization"},"potentialAction":[{"@type":"SearchAction","target":{"@type":"EntryPoint","urlTemplate":"https:\/\/www.berlindent.de\/?s={search_term_string}"},"query-input":"required name=search_term_string"}],"inLanguage":"en-US"},{"@type":"Organization","@id":"https:\/\/www.berlindent.de\/#organization","name":"Berlindent","url":"https:\/\/www.berlindent.de\/","logo":{"@type":"ImageObject","inLanguage":"en-US","@id":"https:\/\/www.berlindent.de\/#\/schema\/logo\/image\/","url":"https:\/\/www.berlindent.de\/wp-content\/uploads\/2021\/06\/Element-1.png","contentUrl":"https:\/\/www.berlindent.de\/wp-content\/uploads\/2021\/06\/Element-1.png","width":1500,"height":1500,"caption":"Berlindent"},"image":{"@id":"https:\/\/www.berlindent.de\/#\/schema\/logo\/image\/"}}]}},"_links":{"self":[{"href":"https:\/\/www.berlindent.de\/en\/wp-json\/wp\/v2\/pages\/83258"}],"collection":[{"href":"https:\/\/www.berlindent.de\/en\/wp-json\/wp\/v2\/pages"}],"about":[{"href":"https:\/\/www.berlindent.de\/en\/wp-json\/wp\/v2\/types\/page"}],"author":[{"embeddable":true,"href":"https:\/\/www.berlindent.de\/en\/wp-json\/wp\/v2\/users\/2"}],"replies":[{"embeddable":true,"href":"https:\/\/www.berlindent.de\/en\/wp-json\/wp\/v2\/comments?post=83258"}],"version-history":[{"count":29,"href":"https:\/\/www.berlindent.de\/en\/wp-json\/wp\/v2\/pages\/83258\/revisions"}],"predecessor-version":[{"id":84251,"href":"https:\/\/www.berlindent.de\/en\/wp-json\/wp\/v2\/pages\/83258\/revisions\/84251"}],"wp:attachment":[{"href":"https:\/\/www.berlindent.de\/en\/wp-json\/wp\/v2\/media?parent=83258"}],"curies":[{"name":"wp","href":"https:\/\/api.w.org\/{rel}","templated":true}]}}