{"id":83276,"date":"2020-08-12T19:44:35","date_gmt":"2020-08-12T19:44:35","guid":{"rendered":"https:\/\/b34vlw.myraidbox.de\/?page_id=83276"},"modified":"2021-08-06T14:45:25","modified_gmt":"2021-08-06T14:45:25","slug":"kontakt","status":"publish","type":"page","link":"https:\/\/www.berlindent.de\/en\/kontakt\/","title":{"rendered":"Contact"},"content":{"rendered":"<div class=\"wpb-content-wrapper\"><div data-parent=\"true\" class=\"vc_row inverted-device-order row-container\" id=\"row-unique-0\"><div class=\"row unequal col-no-gutter no-top-padding no-bottom-padding no-h-padding full-width row-parent\" data-height-ratio=\"55\"><div class=\"wpb_row row-inner\"><div class=\"wpb_column pos-middle pos-center align_left column_parent col-lg-6 single-internal-gutter\"><div class=\"uncol style-light\"  ><div class=\"uncoltable\"><div class=\"uncell quad-block-padding\" ><div class=\"uncont\" style=\" max-width:600px;\" ><div class=\"vc_row row-internal row-container\"><div class=\"row row-child\"><div class=\"wpb_row row-inner\"><div class=\"wpb_column pos-top pos-center align_left column_child col-lg-12 half-internal-gutter\"><div class=\"uncol style-light\" ><div class=\"uncoltable\"><div class=\"uncell no-block-padding\" ><div class=\"uncont\" ><div class=\"vc_custom_heading_wrap\"><div class=\"heading-text el-text\" ><h3 class=\"h2\" ><span>Contact: Find us here.<\/span><\/h3><\/div><div class=\"clear\"><\/div><\/div><div class=\"uncode_text_column\" ><p>BERLINDENT<br \/>\nZahn\u00e4rztliche Praxisgemeinschaft<br \/>\nN\u00fcrnberger Stra\u00dfe 67<br \/>\n10787 Berlin<\/p>\n<\/div><\/div><\/div><\/div><\/div><\/div><\/div><\/div><\/div><div class=\"vc_row row-internal row-container\"><div class=\"row row-child\"><div class=\"wpb_row row-inner\"><div class=\"wpb_column pos-top pos-center align_left column_child col-lg-12 half-internal-gutter\"><div class=\"uncol style-light\" ><div class=\"uncoltable\"><div class=\"uncell no-block-padding\" ><div class=\"uncont\" ><div class=\"icon-box icon-box-left\" ><div class=\"icon-box-icon fa-container\" ><span class=\"text-default-color btn-disable-hover\"><i class=\"fa fa-phone4 fa-2x fa-fw\"><\/i><\/span><\/div><div class=\"icon-box-content\"><div class=\"icon-box-heading icon-box-fa-2x\"><h3 class=\"h6\">+49 (0)30 72 61 47 67<\/h3><\/div><\/div><\/div><div class=\"icon-box icon-box-left\" ><div class=\"icon-box-icon fa-container\" ><span class=\"text-default-color btn-disable-hover\"><i class=\"fa fa-printer4 fa-2x fa-fw\"><\/i><\/span><\/div><div class=\"icon-box-content\"><div class=\"icon-box-heading icon-box-fa-2x\"><h3 class=\"h6\">+49 (0)30 72 61 47 66<\/h3><\/div><\/div><\/div><div class=\"icon-box icon-box-&#8220;left&#8220;\" ><div class=\"icon-box-icon fa-container\" ><span class=\"text-default-color btn-disable-hover\"><i class=\"&#8220;fa &#8220;fa-2x&#8220; fa-fw\"><\/i><\/span><\/div><div class=\"icon-box-content\"><div class=\"icon-box-heading icon-box-&#8220;fa-2x&#8220;\"><h3 class=\"&#8220;h6&#8243;\">&#8220;info@berlindent.de&#8220;<\/h3><\/div><\/div><\/div><div class=\"icon-box icon-box-left\" ><div class=\"icon-box-icon fa-container\" ><a role=\"button\" href=\"https:\/\/www.doctolib.de\/praxis\/berlin\/berlindent-zahnaerzte-am-europacenter\" class=\"text-default-color custom-link\"><i class=\"fa fa-calendar fa-2x fa-fw\"><\/i><\/a><\/div><div class=\"icon-box-content\"><div class=\"icon-box-heading icon-box-fa-2x\"><h3 class=\"h6\"><a role=\"button\" href=\"https:\/\/www.doctolib.de\/praxis\/berlin\/berlindent-zahnaerzte-am-europacenter\">Appointment booking<\/a><\/h3><\/div><\/div><\/div><\/div><\/div><\/div><\/div><\/div><\/div><\/div><\/div><\/div><\/div><\/div><\/div><\/div><div class=\"wpb_column pos-top pos-center align_left column_parent col-lg-6 single-internal-gutter\"><div class=\"uncol style-spec style-dark\"  ><div class=\"uncoltable\" style=\"min-height: 360px;\"><div class=\"uncell triple-block-padding style-color-xsdn-bg has-bg\" ><div class=\"uncont\" >\n\t<div class=\"wpb_raw_code wpb_raw_html\" >\n\t\t<div class=\"wpb_wrapper\">\n\t\t\t<iframe src=\"https:\/\/www.google.com\/maps\/embed?pb=!1m14!1m8!1m3!1d9714.410829987466!2d13.3409812!3d52.5044309!3m2!1i1024!2i768!4f13.1!3m3!1m2!1s0x0%3A0xd12e2bc751062c76!2sBerlindent%20Zahn%C3%A4rztliche%20Praxisgemeinschaft%20am%20Europacenter!5e0!3m2!1sen!2sde!4v1628260995479!5m2!1sen!2sde\" width=\"600\" height=\"450\" style=\"border:0;\" allowfullscreen=\"\" loading=\"lazy\"><\/iframe>\n\t\t<\/div>\n\t<\/div>\n<\/div><\/div><\/div><\/div><\/div><script id=\"script-row-unique-0\" data-row=\"script-row-unique-0\" type=\"text\/javascript\" class=\"vc_controls\">UNCODE.initRow(document.getElementById(\"row-unique-0\"));<\/script><\/div><\/div><\/div><div data-parent=\"true\" class=\"vc_row has-bg need-focus style-color-lxmt-bg row-container\" id=\"row-unique-1\"><div class=\"row col-double-gutter quad-top-padding quad-bottom-padding single-h-padding full-width row-parent\" style=\"max-width:1596px; margin-left:auto; margin-right:auto;\"><div class=\"wpb_row row-inner\"><div class=\"wpb_column pos-top pos-center align_left column_parent col-lg-6 single-internal-gutter\"><div class=\"uncol style-light\"  ><div class=\"uncoltable\"><div class=\"uncell no-block-padding\" ><div class=\"uncont\" ><div class=\"uncode-single-media  text-left\"><div class=\"single-wrapper\" style=\"max-width: 100%;\"><div class=\"tmb tmb-light  tmb-img-ratio tmb-media-first tmb-media-last tmb-content-overlay tmb-no-bg\"><div class=\"t-inside\"><div class=\"t-entry-visual\"><div class=\"t-entry-visual-tc\"><div class=\"uncode-single-media-wrapper\"><div class=\"dummy\" style=\"padding-top: 75.1%;\"><\/div><img decoding=\"async\" class=\"wp-image-83446\" src=\"https:\/\/www.berlindent.de\/wp-content\/uploads\/2020\/08\/parkplaetze-uai-566x425.jpg\" width=\"566\" height=\"425\" alt=\"\"><\/div>\n\t\t\t\t\t<\/div>\n\t\t\t\t<\/div><\/div><\/div><\/div><\/div><\/div><\/div><\/div><\/div><\/div><div class=\"wpb_column pos-middle pos-center align_left column_parent col-lg-6 single-internal-gutter\"><div class=\"uncol style-light\"  ><div class=\"uncoltable\"><div class=\"uncell no-block-padding\" ><div class=\"uncont\" ><div class=\"vc_custom_heading_wrap\"><div class=\"heading-text el-text\" ><h3 class=\"h3\" ><span>Our parking spaces<\/span><\/h3><\/div><div class=\"clear\"><\/div><\/div><div class=\"uncode_text_column\" ><p>Patient parking is available behind the medical center at N\u00fcrnbergerstra\u00dfe 67.<\/p>\n<p>The entrance to the courtyard is through the gateway of the Berliner Volksbank at number 69 (sign \u00c4rztehaus).<\/p>\n<\/div><\/div><\/div><\/div><\/div><\/div><script id=\"script-row-unique-1\" data-row=\"script-row-unique-1\" type=\"text\/javascript\" class=\"vc_controls\">UNCODE.initRow(document.getElementById(\"row-unique-1\"));<\/script><\/div><\/div><\/div><div data-parent=\"true\" class=\"vc_row row-container\" id=\"row-unique-2\"><div class=\"row quad-top-padding quad-bottom-padding single-h-padding limit-width row-parent\" data-height-ratio=\"50\"><div class=\"wpb_row row-inner\"><div class=\"wpb_column pos-middle pos-center align_center column_parent col-lg-12 single-internal-gutter\"><div class=\"uncol style-light\"  ><div class=\"uncoltable\"><div class=\"uncell\" ><div class=\"uncont no-block-padding col-custom-width\" style=\" max-width:900px;\" ><div class=\"vc_custom_heading_wrap\"><div class=\"heading-text el-text\" ><h6 class=\"font-175345 h6 fontspace-135905 text-accent-color text-uppercase\" ><span>Do you want to go to Berlindent?<\/span><\/h6><\/div><div class=\"clear\"><\/div><\/div><div class=\"vc_custom_heading_wrap\"><div class=\"heading-text el-text\" ><h3 class=\"fontsize-155944\" ><span>Book your appointment quick and easy via Doctolib.<\/span><\/h3><\/div><div class=\"clear\"><\/div><\/div><span class=\"btn-container\" ><a role=\"button\"  href=\"https:\/\/www.doctolib.de\/praxis\/berlin\/berlindent-zahnaerzte-am-europacenter\" class=\"custom-link btn border-width-0 btn-color-vyce btn-icon-left\" target=\"_blank\"><i class=\"fa fa-calendar\"><\/i>Search appointment now.<\/a><\/span><\/div><\/div><\/div><\/div><\/div><script id=\"script-row-unique-2\" data-row=\"script-row-unique-2\" type=\"text\/javascript\" class=\"vc_controls\">UNCODE.initRow(document.getElementById(\"row-unique-2\"));<\/script><\/div><\/div><\/div>\n<\/div>","protected":false},"excerpt":{"rendered":"Kontakt: Hier finden Sie uns.BERLINDENT Zahn\u00e4rztliche Praxisgemeinschaft N\u00fcrnberger Stra\u00dfe 67 10787 Berlin +49 (0)30 72 61 47 67+49 (0)30 72 [...]","protected":false},"author":2,"featured_media":0,"parent":0,"menu_order":0,"comment_status":"closed","ping_status":"closed","template":"","meta":{"footnotes":""},"class_list":["post-83276","page","type-page","status-publish","hentry"],"yoast_head":"<!-- This site is optimized with the Yoast SEO plugin v27.4 - https:\/\/yoast.com\/product\/yoast-seo-wordpress\/ -->\n<title>Kontakt &amp; Anfahrt | Zahnarzt-Praxis Berlindent in Berlin-Charlottenburg<\/title>\n<meta name=\"description\" content=\"Brauchen Sie einen Termin f\u00fcr eine Zahnbehandlung? Buchen Sie bequem per Doctolib oder rufen Sie uns an unter +49 (0)30 72 61 47 67.\" \/>\n<meta name=\"robots\" content=\"index, follow, max-snippet:-1, max-image-preview:large, max-video-preview:-1\" \/>\n<link rel=\"canonical\" href=\"https:\/\/www.berlindent.de\/en\/kontakt\/\" \/>\n<meta property=\"og:locale\" content=\"en_US\" \/>\n<meta property=\"og:type\" content=\"article\" \/>\n<meta property=\"og:title\" content=\"Kontakt &amp; Anfahrt | Zahnarzt-Praxis Berlindent in Berlin-Charlottenburg\" \/>\n<meta property=\"og:description\" content=\"Brauchen Sie einen Termin f\u00fcr eine Zahnbehandlung? Buchen Sie bequem per Doctolib oder rufen Sie uns an unter +49 (0)30 72 61 47 67.\" \/>\n<meta property=\"og:url\" content=\"https:\/\/www.berlindent.de\/en\/kontakt\/\" \/>\n<meta property=\"og:site_name\" content=\"Berlindent\" \/>\n<meta property=\"article:modified_time\" content=\"2021-08-06T14:45:25+00:00\" \/>\n<meta name=\"twitter:card\" content=\"summary_large_image\" \/>\n<meta name=\"twitter:label1\" content=\"Est. reading time\" \/>\n\t<meta name=\"twitter:data1\" content=\"3 minutes\" \/>\n<script type=\"application\/ld+json\" class=\"yoast-schema-graph\">{\"@context\":\"https:\\\/\\\/schema.org\",\"@graph\":[{\"@type\":\"WebPage\",\"@id\":\"https:\\\/\\\/www.berlindent.de\\\/en\\\/kontakt\\\/\",\"url\":\"https:\\\/\\\/www.berlindent.de\\\/en\\\/kontakt\\\/\",\"name\":\"Kontakt & Anfahrt | Zahnarzt-Praxis Berlindent in Berlin-Charlottenburg\",\"isPartOf\":{\"@id\":\"https:\\\/\\\/www.berlindent.de\\\/#website\"},\"datePublished\":\"2020-08-12T19:44:35+00:00\",\"dateModified\":\"2021-08-06T14:45:25+00:00\",\"description\":\"Brauchen Sie einen Termin f\u00fcr eine Zahnbehandlung? Buchen Sie bequem per Doctolib oder rufen Sie uns an unter +49 (0)30 72 61 47 67.\",\"breadcrumb\":{\"@id\":\"https:\\\/\\\/www.berlindent.de\\\/en\\\/kontakt\\\/#breadcrumb\"},\"inLanguage\":\"en-US\",\"potentialAction\":[{\"@type\":\"ReadAction\",\"target\":[\"https:\\\/\\\/www.berlindent.de\\\/en\\\/kontakt\\\/\"]}]},{\"@type\":\"BreadcrumbList\",\"@id\":\"https:\\\/\\\/www.berlindent.de\\\/en\\\/kontakt\\\/#breadcrumb\",\"itemListElement\":[{\"@type\":\"ListItem\",\"position\":1,\"name\":\"Startseite\",\"item\":\"https:\\\/\\\/www.berlindent.de\\\/\"},{\"@type\":\"ListItem\",\"position\":2,\"name\":\"Kontakt\"}]},{\"@type\":\"WebSite\",\"@id\":\"https:\\\/\\\/www.berlindent.de\\\/#website\",\"url\":\"https:\\\/\\\/www.berlindent.de\\\/\",\"name\":\"Berlindent\",\"description\":\"Ihre Zahnarztpraxis in Berlin-Charlottenburg.\",\"publisher\":{\"@id\":\"https:\\\/\\\/www.berlindent.de\\\/#organization\"},\"potentialAction\":[{\"@type\":\"SearchAction\",\"target\":{\"@type\":\"EntryPoint\",\"urlTemplate\":\"https:\\\/\\\/www.berlindent.de\\\/?s={search_term_string}\"},\"query-input\":{\"@type\":\"PropertyValueSpecification\",\"valueRequired\":true,\"valueName\":\"search_term_string\"}}],\"inLanguage\":\"en-US\"},{\"@type\":\"Organization\",\"@id\":\"https:\\\/\\\/www.berlindent.de\\\/#organization\",\"name\":\"Berlindent\",\"url\":\"https:\\\/\\\/www.berlindent.de\\\/\",\"logo\":{\"@type\":\"ImageObject\",\"inLanguage\":\"en-US\",\"@id\":\"https:\\\/\\\/www.berlindent.de\\\/#\\\/schema\\\/logo\\\/image\\\/\",\"url\":\"https:\\\/\\\/www.berlindent.de\\\/wp-content\\\/uploads\\\/2021\\\/06\\\/Element-1.png\",\"contentUrl\":\"https:\\\/\\\/www.berlindent.de\\\/wp-content\\\/uploads\\\/2021\\\/06\\\/Element-1.png\",\"width\":1500,\"height\":1500,\"caption\":\"Berlindent\"},\"image\":{\"@id\":\"https:\\\/\\\/www.berlindent.de\\\/#\\\/schema\\\/logo\\\/image\\\/\"}}]}<\/script>\n<!-- \/ Yoast SEO plugin. -->","yoast_head_json":{"title":"Kontakt & Anfahrt | Zahnarzt-Praxis Berlindent in Berlin-Charlottenburg","description":"Brauchen Sie einen Termin f\u00fcr eine Zahnbehandlung? Buchen Sie bequem per Doctolib oder rufen Sie uns an unter +49 (0)30 72 61 47 67.","robots":{"index":"index","follow":"follow","max-snippet":"max-snippet:-1","max-image-preview":"max-image-preview:large","max-video-preview":"max-video-preview:-1"},"canonical":"https:\/\/www.berlindent.de\/en\/kontakt\/","og_locale":"en_US","og_type":"article","og_title":"Kontakt & Anfahrt | Zahnarzt-Praxis Berlindent in Berlin-Charlottenburg","og_description":"Brauchen Sie einen Termin f\u00fcr eine Zahnbehandlung? Buchen Sie bequem per Doctolib oder rufen Sie uns an unter +49 (0)30 72 61 47 67.","og_url":"https:\/\/www.berlindent.de\/en\/kontakt\/","og_site_name":"Berlindent","article_modified_time":"2021-08-06T14:45:25+00:00","twitter_card":"summary_large_image","twitter_misc":{"Est. reading time":"3 minutes"},"schema":{"@context":"https:\/\/schema.org","@graph":[{"@type":"WebPage","@id":"https:\/\/www.berlindent.de\/en\/kontakt\/","url":"https:\/\/www.berlindent.de\/en\/kontakt\/","name":"Kontakt & Anfahrt | Zahnarzt-Praxis Berlindent in Berlin-Charlottenburg","isPartOf":{"@id":"https:\/\/www.berlindent.de\/#website"},"datePublished":"2020-08-12T19:44:35+00:00","dateModified":"2021-08-06T14:45:25+00:00","description":"Brauchen Sie einen Termin f\u00fcr eine Zahnbehandlung? Buchen Sie bequem per Doctolib oder rufen Sie uns an unter +49 (0)30 72 61 47 67.","breadcrumb":{"@id":"https:\/\/www.berlindent.de\/en\/kontakt\/#breadcrumb"},"inLanguage":"en-US","potentialAction":[{"@type":"ReadAction","target":["https:\/\/www.berlindent.de\/en\/kontakt\/"]}]},{"@type":"BreadcrumbList","@id":"https:\/\/www.berlindent.de\/en\/kontakt\/#breadcrumb","itemListElement":[{"@type":"ListItem","position":1,"name":"Startseite","item":"https:\/\/www.berlindent.de\/"},{"@type":"ListItem","position":2,"name":"Kontakt"}]},{"@type":"WebSite","@id":"https:\/\/www.berlindent.de\/#website","url":"https:\/\/www.berlindent.de\/","name":"Berlindent","description":"Ihre Zahnarztpraxis in Berlin-Charlottenburg.","publisher":{"@id":"https:\/\/www.berlindent.de\/#organization"},"potentialAction":[{"@type":"SearchAction","target":{"@type":"EntryPoint","urlTemplate":"https:\/\/www.berlindent.de\/?s={search_term_string}"},"query-input":{"@type":"PropertyValueSpecification","valueRequired":true,"valueName":"search_term_string"}}],"inLanguage":"en-US"},{"@type":"Organization","@id":"https:\/\/www.berlindent.de\/#organization","name":"Berlindent","url":"https:\/\/www.berlindent.de\/","logo":{"@type":"ImageObject","inLanguage":"en-US","@id":"https:\/\/www.berlindent.de\/#\/schema\/logo\/image\/","url":"https:\/\/www.berlindent.de\/wp-content\/uploads\/2021\/06\/Element-1.png","contentUrl":"https:\/\/www.berlindent.de\/wp-content\/uploads\/2021\/06\/Element-1.png","width":1500,"height":1500,"caption":"Berlindent"},"image":{"@id":"https:\/\/www.berlindent.de\/#\/schema\/logo\/image\/"}}]}},"_links":{"self":[{"href":"https:\/\/www.berlindent.de\/en\/wp-json\/wp\/v2\/pages\/83276","targetHints":{"allow":["GET"]}}],"collection":[{"href":"https:\/\/www.berlindent.de\/en\/wp-json\/wp\/v2\/pages"}],"about":[{"href":"https:\/\/www.berlindent.de\/en\/wp-json\/wp\/v2\/types\/page"}],"author":[{"embeddable":true,"href":"https:\/\/www.berlindent.de\/en\/wp-json\/wp\/v2\/users\/2"}],"replies":[{"embeddable":true,"href":"https:\/\/www.berlindent.de\/en\/wp-json\/wp\/v2\/comments?post=83276"}],"version-history":[{"count":17,"href":"https:\/\/www.berlindent.de\/en\/wp-json\/wp\/v2\/pages\/83276\/revisions"}],"predecessor-version":[{"id":84219,"href":"https:\/\/www.berlindent.de\/en\/wp-json\/wp\/v2\/pages\/83276\/revisions\/84219"}],"wp:attachment":[{"href":"https:\/\/www.berlindent.de\/en\/wp-json\/wp\/v2\/media?parent=83276"}],"curies":[{"name":"wp","href":"https:\/\/api.w.org\/{rel}","templated":true}]}}